{"id":1761,"date":"2023-03-20T19:37:53","date_gmt":"2023-03-20T18:37:53","guid":{"rendered":"https:\/\/renewenergy.pl\/?page_id=1761"},"modified":"2026-05-08T12:34:57","modified_gmt":"2026-05-08T10:34:57","slug":"komitety","status":"publish","type":"page","link":"https:\/\/renewenergy.pl\/en\/komitety\/","title":{"rendered":"Committees"},"content":{"rendered":"<div data-elementor-type=\"wp-page\" data-elementor-id=\"1761\" class=\"elementor elementor-1761\">\n\t\t\t\t\t\t<section class=\"elementor-section elementor-top-section elementor-element elementor-element-3232ff78 elementor-section-full_width elementor-section-height-default elementor-section-height-default\" data-id=\"3232ff78\" data-element_type=\"section\" data-settings=\"{&quot;background_background&quot;:&quot;classic&quot;}\">\n\t\t\t\t\t\t<div class=\"elementor-container elementor-column-gap-no\">\n\t\t\t\t\t<div class=\"elementor-column elementor-col-100 elementor-top-column elementor-element elementor-element-122fbc91\" data-id=\"122fbc91\" data-element_type=\"column\">\n\t\t\t<div class=\"elementor-widget-wrap\">\n\t\t\t\t\t\t\t<\/div>\n\t\t<\/div>\n\t\t\t\t\t<\/div>\n\t\t<\/section>\n\t\t\t\t<section class=\"elementor-section elementor-top-section elementor-element elementor-element-723e3a03 elementor-section-boxed elementor-section-height-default elementor-section-height-default\" data-id=\"723e3a03\" data-element_type=\"section\">\n\t\t\t\t\t\t<div class=\"elementor-container elementor-column-gap-default\">\n\t\t\t\t\t<div class=\"elementor-column elementor-col-100 elementor-top-column elementor-element elementor-element-1ebf9289\" data-id=\"1ebf9289\" data-element_type=\"column\">\n\t\t\t<div class=\"elementor-widget-wrap elementor-element-populated\">\n\t\t\t\t\t\t<div class=\"elementor-element elementor-element-7aaa56ec elementor-widget elementor-widget-heading\" data-id=\"7aaa56ec\" data-element_type=\"widget\" data-widget_type=\"heading.default\">\n\t\t\t\t<div class=\"elementor-widget-container\">\n\t\t\t\t\t<h2 class=\"elementor-heading-title elementor-size-default\">Conference Committees<\/h2>\t\t\t\t<\/div>\n\t\t\t\t<\/div>\n\t\t\t\t<div class=\"elementor-element elementor-element-1f6d8a7f elementor-widget-divider--view-line elementor-widget elementor-widget-divider\" data-id=\"1f6d8a7f\" data-element_type=\"widget\" data-widget_type=\"divider.default\">\n\t\t\t\t<div class=\"elementor-widget-container\">\n\t\t\t\t\t\t\t<div class=\"elementor-divider\">\n\t\t\t<span class=\"elementor-divider-separator\">\n\t\t\t\t\t\t<\/span>\n\t\t<\/div>\n\t\t\t\t\t\t<\/div>\n\t\t\t\t<\/div>\n\t\t\t\t<div class=\"elementor-element elementor-element-4b208a1e elementor-widget-divider--view-line elementor-widget elementor-widget-divider\" data-id=\"4b208a1e\" data-element_type=\"widget\" data-widget_type=\"divider.default\">\n\t\t\t\t<div class=\"elementor-widget-container\">\n\t\t\t\t\t\t\t<div class=\"elementor-divider\">\n\t\t\t<span class=\"elementor-divider-separator\">\n\t\t\t\t\t\t<\/span>\n\t\t<\/div>\n\t\t\t\t\t\t<\/div>\n\t\t\t\t<\/div>\n\t\t\t\t<div class=\"elementor-element elementor-element-1924dda9 animated-fast elementor-invisible elementor-widget elementor-widget-text-editor\" data-id=\"1924dda9\" data-element_type=\"widget\" data-settings=\"{&quot;_animation&quot;:&quot;fadeInRight&quot;}\" data-widget_type=\"text-editor.default\">\n\t\t\t\t<div class=\"elementor-widget-container\">\n\t\t\t\t\t\t\t\t\t<h4>KOMITET NAUKOWY<\/h4><p><b>Chairman of the Scientific Committee:<\/b><span style=\"font-weight: 400;\"><br \/><\/span><span style=\"font-weight: 400;\">Jaros\u0142aw Fr\u0105czek Agricultural University in Cracow, Poland<\/span><\/p><p><b>Members of the Scientific Committee<\/b><span style=\"font-weight: 400;\"><br \/><\/span>Florian Adamczyk, Industrial Institute of Agricultural Engineering in Pozna\u0144, Poland<br \/>R.Cengiz Akdeniz, Ege University, Izmir, Turkey<br \/>Rolandas Bleizgys, Vytautas Magnus University, Lithuania<br \/>Jonas \u010cesna, Vytautas Magnus University, Lithuania<br \/>Bohdan Dobrzanski Jr., University of Life Sciences in Lublin, Poland<br \/>Rolandas Domeika, Vytautas Magnus University, Lithuania<br \/>Arkadiusz Dyjakon, University Of Environmental And Life Sciences in Wroc\u0142aw, Poland<br \/>Slawomir Francik, Agricultural University in Cracow, Poland<br \/>Michal Holubcik, University of Zilina, Slovakia<br \/>Taras Hutsol, Polissia National University, Ukraine<br \/>Jozef Janda\u010dka, University of Zilina, Slovakia<br \/>Tomasz Jakubowski, Agricultural University in Cracow, Poland<br \/>Nikolai Karpinski, Ternopil National Technical University, Ukraine<br \/>Pawe\u0142 Kie\u0142basa, Agricultural University in Cracow, Poland<br \/>Serhii Korobka, Lviv National Environmental University, Ukraine<br \/>Savelii Kukharets, Vytautas Magnus University, Lithuania<br \/>Maciej Kubo\u0144, Agricultural University in Cracow, Poland<br \/>Robert Kubica, Silesian University of Technology, Gliwice, Poland<br \/>Slawomir Kurpaska, Agricultural University in Cracow, Poland<br \/>Jozef Krilek, Technical University in Zvolen, Slovakia<br \/>Hubert Lata\u0142a, Agricultural University in Cracow, Poland<br \/>Vasyl Lopushniak, Lviv National Environmental University, Ukraine<br \/>Bogus\u0142awa \u0141apczy\u0144ska-Kordon, Agricultural University in Cracow, Poland<br \/>Milan Malcho, University of Zilina, Slovakia<br \/>Rudolf Michalek, Agricultural University in Cracow, Poland<br \/>Maciej Neugebauer, University of Warmia and Mazury in Olsztyn, Poland<br \/>Radovan Nosek, University of Zilina, Slovakia<br \/>Ladislav Nozdrovicky, Slovak University of Agriculture in Nitra, Slovakia<br \/>Tomasz Nurek, Warsaw University of Life Sciences, Poland<br \/>Slawomir Obidziski University of Technology in Bialystok, Poland<br \/>Leszek Paj\u0105k, University of Science and Technology in Cracow, Poland<br \/>K\u00e1roly Petr\u00f3czki, Szent Istvan University in G\u00f6d\u00f6ll\u0151, Hungary<br \/>Janusz Piechocki, University of Warmia and Mazury in Olsztyn, Poland<br \/>Agnieszka Pilarska, Poznan University of Life Sciences, Poland<br \/>Martin Pol\u00e1k, University of Life Sciences in Prague, Czech Republic<br \/>Henryk Sechman, University of Science and Technology in Cracow, Poland<br \/>Piotr So\u0142owiej, University of Warmia and Mazury in Olsztyn, Poland<br \/>Oleh Skydan, Polissia National University, Ukraine<br \/>Anna Sowi\u017cdza\u0142, University of Science and Technology in Cracow, Poland<br \/>Wojciech Stanek Silesian University of Technology, Gliwice, Poland<br \/>Micha\u0142 Stefaniuk, University of Science and Technology in Cracow, Poland<br \/>Mariusz Stolarski, University of Warmia and Mazury in Olsztyn, Poland<br \/>Serhiy Syrotyuk, Lviv National Environmental University, Ukraine<br \/>Andrzej Szl\u0119k, Silesian University of Technology, Gliwice, Poland<br \/>Barbara Tomaszewska, University of Science and Technology in Cracow, Poland<\/p><h4><strong>KOMITET ORGANIZACYJNY<\/strong><\/h4><p><b>Committee Chairman:<br \/><\/b><span style=\"font-weight: 400;\">Krzysztof Mudryk<br \/><\/span><span style=\"font-weight: 400;\">Adam Noco\u0144<\/span><\/p><p><b>Deputy Chairmen:<br \/><\/b>Taras Hutsol - for international cooperation<br \/><span style=\"font-weight: 400;\">Marcin Jewiarz &#8211; ds. naukowych<\/span><\/p><p><b>Committee members<\/b><span style=\"font-weight: 400;\">:<\/span><span style=\"font-weight: 400;\"><br \/><\/span>Szymon Glowacki<br \/>Oleksandra Hutsol<br \/>Joanna Leszczynska<br \/>Wojciech Lubo\u0144<br \/>Tomasz Mirowski<br \/>Grzegorz Pe\u0142ka<br \/>James Styx<br \/>Kacper \u015awiechowski<br \/>Veronica Tulej<br \/>Artur Wojcik<br \/>Dawid W\u00f3jtowicz<br \/>Joanna Woroniak<br \/>Marek Wr\u00f3bel<\/p>\t\t\t\t\t\t\t\t<\/div>\n\t\t\t\t<\/div>\n\t\t\t\t\t<\/div>\n\t\t<\/div>\n\t\t\t\t\t<\/div>\n\t\t<\/section>\n\t\t\t\t<\/div>","protected":false},"excerpt":{"rendered":"<p>Komitety Konferencji KOMITET NAUKOWY Przewodnicz\u0105cy Komitetu Naukowego:Jaros\u0142aw Fr\u0105czek\u00a0 Agricultural University in Cracow, Poland Cz\u0142onkowie komitetu NaukowegoFlorian Adamczyk, Industrial Institute of Agricultural Engineering in Pozna\u0144, PolandR.Cengiz Akdeniz, Ege University, Izmir, TurkeyRolandas Bleizgys, Vytautas Magnus University, LithuaniaJonas \u010cesna, Vytautas Magnus University, LithuaniaBohdan Dobrza\u0144ski Jr., University of Life Sciences in Lublin, PolandRolandas Domeika, Vytautas Magnus University, LithuaniaArkadiusz Dyjakon, [&hellip;]<\/p>","protected":false},"author":1,"featured_media":0,"parent":0,"menu_order":0,"comment_status":"closed","ping_status":"closed","template":"","meta":{"site-sidebar-layout":"no-sidebar","site-content-layout":"page-builder","ast-site-content-layout":"","site-content-style":"default","site-sidebar-style":"default","ast-global-header-display":"","ast-banner-title-visibility":"","ast-main-header-display":"","ast-hfb-above-header-display":"","ast-hfb-below-header-display":"","ast-hfb-mobile-header-display":"","site-post-title":"disabled","ast-breadcrumbs-content":"","ast-featured-img":"disabled","footer-sml-layout":"","theme-transparent-header-meta":"","adv-header-id-meta":"","stick-header-meta":"","header-above-stick-meta":"","header-main-stick-meta":"","header-below-stick-meta":"","astra-migrate-meta-layouts":"default","ast-page-background-enabled":"default","ast-page-background-meta":{"desktop":{"background-color":"var(--ast-global-color-4)","background-image":"","background-repeat":"repeat","background-position":"center center","background-size":"auto","background-attachment":"scroll","background-type":"","background-media":"","overlay-type":"","overlay-color":"","overlay-opacity":"","overlay-gradient":""},"tablet":{"background-color":"","background-image":"","background-repeat":"repeat","background-position":"center center","background-size":"auto","background-attachment":"scroll","background-type":"","background-media":"","overlay-type":"","overlay-color":"","overlay-opacity":"","overlay-gradient":""},"mobile":{"background-color":"","background-image":"","background-repeat":"repeat","background-position":"center center","background-size":"auto","background-attachment":"scroll","background-type":"","background-media":"","overlay-type":"","overlay-color":"","overlay-opacity":"","overlay-gradient":""}},"ast-content-background-meta":{"desktop":{"background-color":"var(--ast-global-color-5)","background-image":"","background-repeat":"repeat","background-position":"center center","background-size":"auto","background-attachment":"scroll","background-type":"","background-media":"","overlay-type":"","overlay-color":"","overlay-opacity":"","overlay-gradient":""},"tablet":{"background-color":"var(--ast-global-color-5)","background-image":"","background-repeat":"repeat","background-position":"center center","background-size":"auto","background-attachment":"scroll","background-type":"","background-media":"","overlay-type":"","overlay-color":"","overlay-opacity":"","overlay-gradient":""},"mobile":{"background-color":"var(--ast-global-color-5)","background-image":"","background-repeat":"repeat","background-position":"center center","background-size":"auto","background-attachment":"scroll","background-type":"","background-media":"","overlay-type":"","overlay-color":"","overlay-opacity":"","overlay-gradient":""}},"footnotes":""},"class_list":["post-1761","page","type-page","status-publish","hentry"],"jetpack_sharing_enabled":true,"_links":{"self":[{"href":"https:\/\/renewenergy.pl\/en\/wp-json\/wp\/v2\/pages\/1761","targetHints":{"allow":["GET"]}}],"collection":[{"href":"https:\/\/renewenergy.pl\/en\/wp-json\/wp\/v2\/pages"}],"about":[{"href":"https:\/\/renewenergy.pl\/en\/wp-json\/wp\/v2\/types\/page"}],"author":[{"embeddable":true,"href":"https:\/\/renewenergy.pl\/en\/wp-json\/wp\/v2\/users\/1"}],"replies":[{"embeddable":true,"href":"https:\/\/renewenergy.pl\/en\/wp-json\/wp\/v2\/comments?post=1761"}],"version-history":[{"count":43,"href":"https:\/\/renewenergy.pl\/en\/wp-json\/wp\/v2\/pages\/1761\/revisions"}],"predecessor-version":[{"id":3234,"href":"https:\/\/renewenergy.pl\/en\/wp-json\/wp\/v2\/pages\/1761\/revisions\/3234"}],"wp:attachment":[{"href":"https:\/\/renewenergy.pl\/en\/wp-json\/wp\/v2\/media?parent=1761"}],"curies":[{"name":"wp","href":"https:\/\/api.w.org\/{rel}","templated":true}]}}